{"id":33,"date":"2018-01-13T21:49:37","date_gmt":"2018-01-13T21:49:37","guid":{"rendered":"https:\/\/ecclesia.com.br\/001\/?page_id=33"},"modified":"2023-01-14T17:11:17","modified_gmt":"2023-01-14T17:11:17","slug":"33-2","status":"publish","type":"page","link":"https:\/\/igrejasaojoao.ecclesia.org.br\/?page_id=33","title":{"rendered":"Arquidiocese de Buenos Aires e Am\u00e9rica do Sul"},"content":{"rendered":"\t\t<div data-elementor-type=\"wp-page\" data-elementor-id=\"33\" class=\"elementor elementor-33\">\n\t\t\t\t\t\t<section class=\"elementor-section elementor-top-section elementor-element elementor-element-1c56fa27 elementor-section-boxed elementor-section-height-default elementor-section-height-default\" data-id=\"1c56fa27\" data-element_type=\"section\" data-e-type=\"section\">\n\t\t\t\t\t\t<div class=\"elementor-container elementor-column-gap-default\">\n\t\t\t\t\t<div class=\"elementor-column elementor-col-100 elementor-top-column elementor-element elementor-element-57b5962b\" data-id=\"57b5962b\" data-element_type=\"column\" data-e-type=\"column\">\n\t\t\t<div class=\"elementor-widget-wrap elementor-element-populated\">\n\t\t\t\t\t\t<div class=\"elementor-element elementor-element-146b9208 elementor-widget elementor-widget-text-editor\" data-id=\"146b9208\" data-element_type=\"widget\" data-e-type=\"widget\" data-widget_type=\"text-editor.default\">\n\t\t\t\t<div class=\"elementor-widget-container\">\n\t\t\t\t\t\t\t\t\t<p><\/p>\n<p class=\"has-drop-cap\">A Arquidiocese Ortodoxa Grega de Buenos Aires e Am\u00e9rica do Sul foi erigida em 1996, resultando do desmembramento da Arquidiocese Ortodoxa Grega das Am\u00e9ricas (do Norte e do Sul), com sede em Nova Iorque (EUA). Desde 1952, quando foi criada como Diocese, sua sede est\u00e1 em Buenos Aires, na Argentina. Seu territ\u00f3rio eclesi\u00e1stico compreende os pa\u00edses da Argentina, Brasil, Bol\u00edvia, Chile, Equador, Paraguai, Peru, Suriname, Guiana, Guiana Francesa e Uruguai.<\/p>\n<p><\/p>\n<p><\/p>\n<p>N\u00e3o se t\u00eam dados precisos sobre a data em que foi estabelecida a primeira Igreja Ortodoxa Grega na Argentina. Sabe-se, no entanto, que os imigrantes gregos da localidade de Berisso (Prov\u00edncia de Buenos Aires) contavam, desde 1905, com a assist\u00eancia religiosa de um sacerdote vindo da Gr\u00e9cia. Neste mesmo ano inaugurou-se a primeira Igreja Ortodoxa Grega em Florian\u00f3polis (SC) &#8211; Brasil, dedicada a S\u00e3o Nicolau.<\/p>\n<p><\/p>\n<p><\/p>\n<p>Em 1907 um sacerdote grego fundou uma capela na regi\u00e3o de Galeria Pacifico, em Buenos Aires. Mais tarde, outras duas capelas foram criadas, nos bairros de Palermo e Vila Crespo, at\u00e9 que, em 1926, foi constru\u00edda a Catedral da Dormi\u00e7\u00e3o da Theotokos, dedicada \u00e0 Virgem maria, localizada na Rua Julian Alvarez, 1036, no Bairro de Villa Crespo.<\/p>\n<p><\/p>\n<p>\n\t\t<div class=\"wppdfemb-frame-container-2\" style=\"-webkit-overflow-scrolling:auto;\">\n\t\t\t<iframe class=\"pdfembed-iframe nonfullscreen wppdf-emb-iframe-2\"\n\t\t\t\tsrc=\"https:\/\/igrejasaojoao.ecclesia.org.br\/?pdfemb-data=eyJwZGZJRCI6MTI2NSwidXJsIjoiaHR0cHM6XC9cL2lncmVqYXNhb2pvYW8uZWNjbGVzaWEub3JnLmJyXC93cC1jb250ZW50XC91cGxvYWRzXC8yMDIwXC8wOVwvYXJxdWlkaW9jZXNlLXNpbnRlc2UtaGlzdG9yaWNhLnBkZiIsImluZGV4IjoyfQ\"\n\t\t\t\t\t\t\t\tdata-pdf-id=\"1265\"\n\t\t\t\tdata-pdf-index=\"2\"\n\t\t\t\tstyle=\"border:none;width:100%;max-width:100%;height:100vh;\"\n\t\t\t\tscrolling=\"yes\">\n\t\t\t<\/iframe>\n\t\t<\/div>\n\n\t\t<\/p>\n<p><\/p>\t\t\t\t\t\t\t\t<\/div>\n\t\t\t\t<\/div>\n\t\t\t\t\t<\/div>\n\t\t<\/div>\n\t\t\t\t\t<\/div>\n\t\t<\/section>\n\t\t\t\t<section class=\"elementor-section elementor-top-section elementor-element elementor-element-11ce3d5 elementor-section-boxed elementor-section-height-default elementor-section-height-default\" data-id=\"11ce3d5\" data-element_type=\"section\" data-e-type=\"section\">\n\t\t\t\t\t\t<div class=\"elementor-container elementor-column-gap-default\">\n\t\t\t\t\t<div class=\"elementor-column elementor-col-100 elementor-top-column elementor-element elementor-element-95d3304\" data-id=\"95d3304\" data-element_type=\"column\" data-e-type=\"column\">\n\t\t\t<div class=\"elementor-widget-wrap elementor-element-populated\">\n\t\t\t\t\t\t<div class=\"elementor-element elementor-element-f3b13a2 elementor-widget elementor-widget-heading\" data-id=\"f3b13a2\" data-element_type=\"widget\" data-e-type=\"widget\" data-widget_type=\"heading.default\">\n\t\t\t\t<div class=\"elementor-widget-container\">\n\t\t\t\t\t<h2 class=\"elementor-heading-title elementor-size-default\">Na atualidade:<\/h2>\t\t\t\t<\/div>\n\t\t\t\t<\/div>\n\t\t\t\t<div class=\"elementor-element elementor-element-9316d42 elementor-widget elementor-widget-text-editor\" data-id=\"9316d42\" data-element_type=\"widget\" data-e-type=\"widget\" data-widget_type=\"text-editor.default\">\n\t\t\t\t<div class=\"elementor-widget-container\">\n\t\t\t\t\t\t\t\t\t<p class=\"has-text-align-justify\">A Arquidiocese Ortodoxa Grega de Buenos Aires e Am\u00e9rica do Sul est\u00e1 sob a jurisdi\u00e7\u00e3o espiritual do Patriarcado Ecum\u00eanico de Constantinopla. \u00c9 importante destacar que sua extens\u00e3o territorial \u00e9 notavelmente grande, indo de Quito, no Equador, \u00e0 Terra do Fogo, na Argentina; de Santiago do Chile at\u00e9 o Rio de Janeiro, no Brasil. Cumpre ao arcebispo fazer visitas pastorais em toda a sua jurisdi\u00e7\u00e3o.<\/p>\n<p class=\"has-text-align-justify\">Na cidade de Buenos Aires, Capital Federal da Argentina, est\u00e1 a S\u00e9 Metropolitana, cuja Igreja Catedral \u00e9 dedicada \u00e0 Dormi\u00e7\u00e3o da Theotokos. Ainda na Argentina est\u00e3o as igrejas do Esp\u00edrito Santo, em Olivos; de S\u00e3o Nicolau, no bairro de Pomp\u00e9ia; de S\u00e3o Miguel Arcanjo, na cidade de Rem\u00e9dios de Escalada e Santos Constantino e Helena em Berisso. Nos \u00faltimos anos, na cidade de Ros\u00e1rio, estabeleceu-se uma capela dedicada a S\u00e3o Nicolau e foram edificadas: a Capela de S\u00e3o Eleut\u00e9rio na sede da Arquidiocese; a Igreja de S\u00e3o Jo\u00e3o, o Precursor em C\u00f3rdoba, a Igreja de S\u00e3o Nicolau, em Comodoro Rivadavia; a Igreja de S\u00e3o Jorge, em Mar del Plata; a Capela de S\u00e3o Spyridon em S\u00e3o Miguel; e a Capela de S\u00e3o Nectarios em Esteban Echeverr\u00eda. Mais recentemente deu-se a instala\u00e7\u00e3o da pedra fundamental da Igreja de S\u00e3o Jonas, em Bahia Blanca.<\/p>\n<p class=\"has-text-align-justify\">No Brasil, existem igrejas ortodoxas gregas em S\u00e3o Paulo &#8211; na Capital -, Cap\u00e3o Redondo e Cambuc\u00ed; em Bras\u00edlia, no Distrito Federal; Em Florian\u00f3polis e S\u00e3o Jos\u00e9 &#8211; Santa Catarina; em Curitiba, no Paran\u00e1; em Porto Alegre, no Rio Grande do Sul; na Capital do Rio de Janeiro; Em Vit\u00f3ria, no Esp\u00edrito Santo e na cidade de Goi\u00e2nia em Goi\u00e1s.<\/p>\n<p class=\"has-text-align-justify\">No Chile existem Igrejas Ortodoxas Gregas, em Santiago e Vina del Mar; organiza-se atualmente comunidades ortodoxas gregas em Antofagasta e em Coquimbo.<\/p>\n<p class=\"has-text-align-justify\">A Igreja Ortodoxa Grega est\u00e1 ainda em Lima, no Peru, e em Montevid\u00e9u, no Uruguai.<\/p>\n<p class=\"has-text-align-justify\">No Equador, est\u00e3o sendo organizadas Igrejas Ortodoxas Gregas em Quito e Guayaquil.<\/p>\n<p class=\"has-text-align-justify\">Na Bol\u00edvia, Paraguai, Suriname, Guiana e Guiana Francesa, s\u00f3 existem poucas fam\u00edlias crist\u00e3s ortodoxas.<\/p>\t\t\t\t\t\t\t\t<\/div>\n\t\t\t\t<\/div>\n\t\t\t\t\t<\/div>\n\t\t<\/div>\n\t\t\t\t\t<\/div>\n\t\t<\/section>\n\t\t\t\t<section class=\"elementor-section elementor-top-section elementor-element elementor-element-7a3c669 elementor-section-boxed elementor-section-height-default elementor-section-height-default\" data-id=\"7a3c669\" data-element_type=\"section\" data-e-type=\"section\">\n\t\t\t\t\t\t<div class=\"elementor-container elementor-column-gap-default\">\n\t\t\t\t\t<div class=\"elementor-column elementor-col-100 elementor-top-column elementor-element elementor-element-c75f40d\" data-id=\"c75f40d\" data-element_type=\"column\" data-e-type=\"column\">\n\t\t\t<div class=\"elementor-widget-wrap elementor-element-populated\">\n\t\t\t\t\t\t<div class=\"elementor-element elementor-element-b4e7ba4 elementor-widget elementor-widget-heading\" data-id=\"b4e7ba4\" data-element_type=\"widget\" data-e-type=\"widget\" data-widget_type=\"heading.default\">\n\t\t\t\t<div class=\"elementor-widget-container\">\n\t\t\t\t\t<h3 class=\"elementor-heading-title elementor-size-default\">Endere\u00e7os:<\/h3>\t\t\t\t<\/div>\n\t\t\t\t<\/div>\n\t\t\t\t<div class=\"elementor-element elementor-element-535443d elementor-widget elementor-widget-heading\" data-id=\"535443d\" data-element_type=\"widget\" data-e-type=\"widget\" data-widget_type=\"heading.default\">\n\t\t\t\t<div class=\"elementor-widget-container\">\n\t\t\t\t\t<h4 class=\"elementor-heading-title elementor-size-default\">Arquidiocese Ortodoxa Grega de Buenos Aires, Exarcado da Am\u00e9rica do Sul - Patriarcado Ecum\u00eanico:<\/h4>\t\t\t\t<\/div>\n\t\t\t\t<\/div>\n\t\t\t\t<div class=\"elementor-element elementor-element-f67e924 elementor-widget elementor-widget-text-editor\" data-id=\"f67e924\" data-element_type=\"widget\" data-e-type=\"widget\" data-widget_type=\"text-editor.default\">\n\t\t\t\t<div class=\"elementor-widget-container\">\n\t\t\t\t\t\t\t\t\t<p>Lerma 260, (C1414 AZF)<br \/>BUENOS AIRES &#8211; Argentina<br \/>Telefone: (005411) 4508-5402 | 4508-5403<br \/>Fax: (005411) 4508-5404<br \/>E-mail:\u00a0<a href=\"mailto:buenosaires@ortodoxia.org\" target=\"_blank\" rel=\"noreferrer noopener\">buenosaires@ortodoxia.org<\/a><\/p>\t\t\t\t\t\t\t\t<\/div>\n\t\t\t\t<\/div>\n\t\t\t\t<div class=\"elementor-element elementor-element-93bf275 elementor-widget elementor-widget-heading\" data-id=\"93bf275\" data-element_type=\"widget\" data-e-type=\"widget\" data-widget_type=\"heading.default\">\n\t\t\t\t<div class=\"elementor-widget-container\">\n\t\t\t\t\t<h4 class=\"elementor-heading-title elementor-size-default\">Domic\u00edlio particular do Arcebispo Metropolitano:<\/h4>\t\t\t\t<\/div>\n\t\t\t\t<\/div>\n\t\t\t\t<div class=\"elementor-element elementor-element-d825209 elementor-widget elementor-widget-text-editor\" data-id=\"d825209\" data-element_type=\"widget\" data-e-type=\"widget\" data-widget_type=\"text-editor.default\">\n\t\t\t\t<div class=\"elementor-widget-container\">\n\t\t\t\t\t\t\t\t\t<p>Av. Figueroa Alcorta 3.187 (C1425CKK)<br \/>BUENOS AIRES &#8211; Argentina<br \/>Telefone: (005411) 4802-3204<br \/>Fax: (005411) 4801-0127<\/p>\t\t\t\t\t\t\t\t<\/div>\n\t\t\t\t<\/div>\n\t\t\t\t\t<\/div>\n\t\t<\/div>\n\t\t\t\t\t<\/div>\n\t\t<\/section>\n\t\t\t\t<\/div>\n\t\t","protected":false},"excerpt":{"rendered":"<p>A Arquidiocese Ortodoxa Grega de Buenos Aires e Am\u00e9rica do Sul foi erigida em 1996, resultando do desmembramento da Arquidiocese Ortodoxa Grega das Am\u00e9ricas (do Norte e do Sul), com [&hellip;]<\/p>\n","protected":false},"author":1,"featured_media":1605,"parent":0,"menu_order":0,"comment_status":"closed","ping_status":"closed","template":"","meta":{"_acf_changed":false,"footnotes":""},"class_list":["post-33","page","type-page","status-publish","has-post-thumbnail","hentry"],"acf":[],"_links":{"self":[{"href":"https:\/\/igrejasaojoao.ecclesia.org.br\/index.php?rest_route=\/wp\/v2\/pages\/33","targetHints":{"allow":["GET"]}}],"collection":[{"href":"https:\/\/igrejasaojoao.ecclesia.org.br\/index.php?rest_route=\/wp\/v2\/pages"}],"about":[{"href":"https:\/\/igrejasaojoao.ecclesia.org.br\/index.php?rest_route=\/wp\/v2\/types\/page"}],"author":[{"embeddable":true,"href":"https:\/\/igrejasaojoao.ecclesia.org.br\/index.php?rest_route=\/wp\/v2\/users\/1"}],"replies":[{"embeddable":true,"href":"https:\/\/igrejasaojoao.ecclesia.org.br\/index.php?rest_route=%2Fwp%2Fv2%2Fcomments&post=33"}],"version-history":[{"count":23,"href":"https:\/\/igrejasaojoao.ecclesia.org.br\/index.php?rest_route=\/wp\/v2\/pages\/33\/revisions"}],"predecessor-version":[{"id":1608,"href":"https:\/\/igrejasaojoao.ecclesia.org.br\/index.php?rest_route=\/wp\/v2\/pages\/33\/revisions\/1608"}],"wp:featuredmedia":[{"embeddable":true,"href":"https:\/\/igrejasaojoao.ecclesia.org.br\/index.php?rest_route=\/wp\/v2\/media\/1605"}],"wp:attachment":[{"href":"https:\/\/igrejasaojoao.ecclesia.org.br\/index.php?rest_route=%2Fwp%2Fv2%2Fmedia&parent=33"}],"curies":[{"name":"wp","href":"https:\/\/api.w.org\/{rel}","templated":true}]}}